{"id":8,"date":"2025-11-26T05:31:10","date_gmt":"2025-11-26T11:31:10","guid":{"rendered":"https:\/\/segundaparte.directorio-comercial.com\/?page_id=8"},"modified":"2025-12-05T18:41:19","modified_gmt":"2025-12-06T00:41:19","slug":"inicio","status":"publish","type":"page","link":"https:\/\/segundaparte.directorio-comercial.com\/","title":{"rendered":"Inicio"},"content":{"rendered":"\n<div class=\"wp-block-columns is-layout-flex wp-container-core-columns-is-layout-28f84493 wp-block-columns-is-layout-flex\">\n<div class=\"wp-block-column is-layout-flow wp-block-column-is-layout-flow\" style=\"flex-basis:2%\"><\/div>\n\n\n\n<div class=\"wp-block-column is-layout-flow wp-block-column-is-layout-flow\" style=\"flex-basis:96%\">\n<div class=\"wp-block-group is-content-justification-center is-nowrap is-layout-flex wp-container-core-group-is-layout-23441af8 wp-block-group-is-layout-flex\">\n<img loading=\"lazy\" decoding=\"async\" width=\"1773\" height=\"657\" data-media-id=\"28\" class=\"gb-media-45eef34e\" alt=\"\" src=\"https:\/\/segundaparte.directorio-comercial.com\/wp-content\/uploads\/2025\/11\/vinos.png\" srcset=\"https:\/\/segundaparte.directorio-comercial.com\/wp-content\/uploads\/2025\/11\/vinos.png 1773w, https:\/\/segundaparte.directorio-comercial.com\/wp-content\/uploads\/2025\/11\/vinos-300x111.png 300w, https:\/\/segundaparte.directorio-comercial.com\/wp-content\/uploads\/2025\/11\/vinos-1024x379.png 1024w, https:\/\/segundaparte.directorio-comercial.com\/wp-content\/uploads\/2025\/11\/vinos-768x285.png 768w, https:\/\/segundaparte.directorio-comercial.com\/wp-content\/uploads\/2025\/11\/vinos-1536x569.png 1536w\" sizes=\"auto, (max-width: 1773px) 100vw, 1773px\" \/>\n<\/div>\n<\/div>\n\n\n\n<div class=\"wp-block-column is-layout-flow wp-block-column-is-layout-flow\" style=\"flex-basis:2%\"><\/div>\n<\/div>\n\n\n\n<div class=\"wp-block-group has-global-padding is-layout-constrained wp-block-group-is-layout-constrained\">\n<div class=\"wp-block-group is-vertical is-content-justification-center is-layout-flex wp-container-core-group-is-layout-ce155fab wp-block-group-is-layout-flex\">\n<figure class=\"wp-block-image size-full\"><img loading=\"lazy\" decoding=\"async\" width=\"600\" height=\"229\" src=\"https:\/\/segundaparte.directorio-comercial.com\/wp-content\/uploads\/2025\/11\/Titulo.png\" alt=\"\" class=\"wp-image-29\" srcset=\"https:\/\/segundaparte.directorio-comercial.com\/wp-content\/uploads\/2025\/11\/Titulo.png 600w, https:\/\/segundaparte.directorio-comercial.com\/wp-content\/uploads\/2025\/11\/Titulo-300x115.png 300w\" sizes=\"auto, (max-width: 600px) 100vw, 600px\" \/><\/figure>\n\n\n\n<p class=\"gb-text gb-text-32a13978\">Vinos Segunda Parte presenta una colecci\u00f3n refinada creada para paladares exigentes: Merlot, suave y sofisticado; Tinto, elegante en cada copa; Clericot, dulce y festivo; Blanco, fresco y vers\u00e1til; y Rosado, delicado y ligero.<\/p>\n\n\n\n<p class=\"gb-text gb-text-b72a5876\">Una selecci\u00f3n artesanal para elevar cualquier momento gastron\u00f3mico. Disponible en Las Carmelinas Restaurante, Pabell\u00f3n de Arteaga, Aguascalientes.<\/p>\n\n\n\n\n\n\n\n<h3 class=\"gb-text gb-text-f0233b5e\">Vin\u00edcola Segunda Parte<\/h3>\n<\/div>\n<\/div>\n","protected":false},"excerpt":{"rendered":"<p>Vinos Segunda Parte presenta una colecci\u00f3n refinada creada para paladares exigentes: Merlot, suave y sofisticado; Tinto, elegante en cada copa; Clericot, dulce y festivo; Blanco, fresco y vers\u00e1til; y Rosado, delicado y ligero. Una selecci\u00f3n artesanal para elevar cualquier momento gastron\u00f3mico. Disponible en Las Carmelinas Restaurante, Pabell\u00f3n de Arteaga, Aguascalientes. Vin\u00edcola Segunda Parte<\/p>\n","protected":false},"author":1,"featured_media":0,"parent":0,"menu_order":0,"comment_status":"closed","ping_status":"closed","template":"page-no-title","meta":{"_acf_changed":false,"footnotes":""},"class_list":["post-8","page","type-page","status-publish","hentry"],"acf":[],"_links":{"self":[{"href":"https:\/\/segundaparte.directorio-comercial.com\/index.php?rest_route=\/wp\/v2\/pages\/8","targetHints":{"allow":["GET"]}}],"collection":[{"href":"https:\/\/segundaparte.directorio-comercial.com\/index.php?rest_route=\/wp\/v2\/pages"}],"about":[{"href":"https:\/\/segundaparte.directorio-comercial.com\/index.php?rest_route=\/wp\/v2\/types\/page"}],"author":[{"embeddable":true,"href":"https:\/\/segundaparte.directorio-comercial.com\/index.php?rest_route=\/wp\/v2\/users\/1"}],"replies":[{"embeddable":true,"href":"https:\/\/segundaparte.directorio-comercial.com\/index.php?rest_route=%2Fwp%2Fv2%2Fcomments&post=8"}],"version-history":[{"count":5,"href":"https:\/\/segundaparte.directorio-comercial.com\/index.php?rest_route=\/wp\/v2\/pages\/8\/revisions"}],"predecessor-version":[{"id":76,"href":"https:\/\/segundaparte.directorio-comercial.com\/index.php?rest_route=\/wp\/v2\/pages\/8\/revisions\/76"}],"wp:attachment":[{"href":"https:\/\/segundaparte.directorio-comercial.com\/index.php?rest_route=%2Fwp%2Fv2%2Fmedia&parent=8"}],"curies":[{"name":"wp","href":"https:\/\/api.w.org\/{rel}","templated":true}]}}